{"id":43,"date":"2025-04-29T17:53:40","date_gmt":"2025-04-29T17:53:40","guid":{"rendered":"https:\/\/parasolis.alwaysdata.net\/?page_id=43"},"modified":"2025-06-01T15:58:03","modified_gmt":"2025-06-01T15:58:03","slug":"43-2","status":"publish","type":"page","link":"https:\/\/parasolis.alwaysdata.net\/","title":{"rendered":""},"content":{"rendered":"\n<div class=\"wp-block-group alignfull is-layout-constrained wp-container-core-group-is-layout-301020a0 wp-block-group-is-layout-constrained\" style=\"padding-top:var(--wp--preset--spacing--50);padding-right:var(--wp--preset--spacing--50);padding-bottom:var(--wp--preset--spacing--50);padding-left:var(--wp--preset--spacing--50)\">\n<div class=\"wp-block-columns alignwide is-layout-flex wp-container-core-columns-is-layout-08c01c1c wp-block-columns-is-layout-flex\">\n<div class=\"wp-block-column is-layout-flow wp-block-column-is-layout-flow\" style=\"flex-basis:33%\">\n<p class=\"has-heading-font-family has-large-font-size\" style=\"line-height:1.2\"><strong>NOS SERVICES<\/strong><\/p>\n<\/div>\n\n\n\n<div class=\"wp-block-column is-layout-flow wp-container-core-column-is-layout-119bc444 wp-block-column-is-layout-flow\">\n<div class=\"wp-block-group is-nowrap is-layout-flex wp-container-core-group-is-layout-877c468d wp-block-group-is-layout-flex\">\n<div class=\"wp-block-group is-vertical is-content-justification-left is-nowrap is-layout-flex wp-container-core-group-is-layout-970da055 wp-block-group-is-layout-flex\">\n<p style=\"font-style:normal;font-weight:500\">Distribution<\/p>\n\n\n\n<p>Gr\u00e2ce \u00e0 notre partenaire Proton Music, nous distribuons votre musique aux DSPs en tant que label de musique \u00e9lectro.<\/p>\n<\/div>\n\n\n\n<div class=\"wp-block-group is-vertical is-nowrap is-layout-flex wp-container-core-group-is-layout-3655d5c7 wp-block-group-is-layout-flex\">\n<p style=\"font-style:normal;font-weight:500\">Aide 24\/7<\/p>\n\n\n\n<p>Nous sommes rapides pour r\u00e9pondre \u00e0 votre message en cas de probl\u00e8me.<\/p>\n<\/div>\n<\/div>\n<\/div>\n<\/div>\n<\/div>\n\n\n\n<div class=\"wp-block-group alignfull has-base-color has-contrast-background-color has-text-color has-background has-link-color wp-elements-dd2158923520263ff6582fc15005c83d is-layout-constrained wp-container-core-group-is-layout-d89aad35 wp-block-group-is-layout-constrained\" style=\"margin-top:0;margin-bottom:0;padding-top:var(--wp--preset--spacing--50);padding-right:var(--wp--preset--spacing--50);padding-bottom:var(--wp--preset--spacing--50);padding-left:var(--wp--preset--spacing--50)\">\n<h2 class=\"wp-block-heading alignwide has-base-color has-text-color has-link-color has-large-font-size wp-elements-4bec922ccd4f3be370ef69cad1afdc7e\" style=\"letter-spacing:-0.02em\"><strong>FAQs<\/strong><\/h2>\n\n\n\n<div class=\"wp-block-group alignwide is-layout-flow wp-block-group-is-layout-flow\">\n<hr class=\"wp-block-separator has-text-color has-base-color has-alpha-channel-opacity has-base-background-color has-background is-style-wide\" style=\"margin-top:var(--wp--preset--spacing--30);margin-bottom:var(--wp--preset--spacing--30)\"\/>\n\n\n\n<h3 class=\"wp-block-heading alignwide has-base-2-color has-text-color has-link-color has-medium-font-size wp-elements-c2ffbd82010496a6b8651db5b1d240ec\">Comment fonctionne votre label, y&rsquo;a t-il des frais ?<\/h3>\n\n\n\n<p class=\"has-contrast-1-color has-text-color has-link-color has-small-font-size wp-elements-f4766119dfd7a69496e191dd2ca26df2\">Non. Nous ne demandons jamais de frais. Cependant, nous prenons une commision afin de pouvoir distribuer (avec notre partenaire Proton Music), promouvoir ainsi que d&rsquo;autres services in-house.<\/p>\n\n\n\n<hr class=\"wp-block-separator has-text-color has-base-color has-alpha-channel-opacity has-base-background-color has-background is-style-wide\" style=\"margin-top:var(--wp--preset--spacing--30);margin-bottom:var(--wp--preset--spacing--30)\"\/>\n\n\n\n<h3 class=\"wp-block-heading alignwide has-base-2-color has-text-color has-link-color has-medium-font-size wp-elements-db072a4d407ec586ad80ee016f75d978\">En quoi votre label de musique est diff\u00e9rent.<\/h3>\n\n\n\n<p class=\"has-contrast-1-color has-text-color has-link-color has-small-font-size wp-elements-24403b20e8508deee533e82a7f3eb382\">Nous offrons les services basiques d&rsquo;un label de musique. Mais nous sommes \u00e9galement belge, reconnu par des nombreux partenaires, avec un exp\u00e9rience professionnel de plus de 10 ans et un lien tr\u00e8s proche de nos artistes.<\/p>\n\n\n\n<hr class=\"wp-block-separator has-text-color has-base-color has-alpha-channel-opacity has-base-background-color has-background is-style-wide\" style=\"margin-top:var(--wp--preset--spacing--30);margin-bottom:var(--wp--preset--spacing--30)\"\/>\n\n\n\n<h3 class=\"wp-block-heading alignwide has-base-2-color has-text-color has-link-color has-medium-font-size wp-elements-70e19db6c51eb6c06799d488b4d006e0\">Quels sont les objectifs de votre label ?<\/h3>\n\n\n\n<p class=\"has-contrast-1-color has-text-color has-link-color has-small-font-size wp-elements-5b2259ee0a3eb7747e9dc1cbb2060fcc\">Devenir l&rsquo;un des labels belges les plus populaires avec <a href=\"https:\/\/www.protonradio.com\/labels\/3196\/parasolis\/tracks\">un catalogue 100% \u00e9lectro&rsquo;<\/a>.<\/p>\n\n\n\n<hr class=\"wp-block-separator has-text-color has-base-color has-alpha-channel-opacity has-base-background-color has-background is-style-wide\" style=\"margin-top:var(--wp--preset--spacing--30);margin-bottom:var(--wp--preset--spacing--30)\"\/>\n\n\n\n<h3 class=\"wp-block-heading alignwide has-base-2-color has-text-color has-link-color has-medium-font-size wp-elements-557235ae343b80ebe9b6e8821d288d6a\">Pour en savoir plus sur la plate-forme ?<\/h3>\n\n\n\n<p class=\"has-contrast-1-color has-text-color has-link-color has-small-font-size wp-elements-06032ddb88c1614ed3a36e6272d3951e\">Suivez ce lien d&rsquo;aide pour comprendre la plate-forme.<\/p>\n\n\n\n<div style=\"margin-top:var(--wp--preset--spacing--10);margin-bottom:0;height:var(--wp--preset--spacing--10)\" aria-hidden=\"true\" class=\"wp-block-spacer\"><\/div>\n<\/div>\n\n\n\n<p><\/p>\n<\/div>\n","protected":false},"excerpt":{"rendered":"<p>NOS SERVICES Distribution Gr\u00e2ce \u00e0 notre partenaire Proton Music, nous distribuons votre musique aux DSPs en tant que label de musique \u00e9lectro. Aide 24\/7 Nous sommes rapides pour r\u00e9pondre \u00e0 votre message en cas de probl\u00e8me. FAQs Comment fonctionne votre label, y&rsquo;a t-il des frais ? Non. Nous ne demandons jamais de frais. Cependant, nous [&hellip;]<\/p>\n","protected":false},"author":1,"featured_media":0,"parent":0,"menu_order":0,"comment_status":"closed","ping_status":"closed","template":"","meta":{"footnotes":""},"class_list":["post-43","page","type-page","status-publish","hentry"],"_links":{"self":[{"href":"https:\/\/parasolis.alwaysdata.net\/index.php?rest_route=\/wp\/v2\/pages\/43","targetHints":{"allow":["GET"]}}],"collection":[{"href":"https:\/\/parasolis.alwaysdata.net\/index.php?rest_route=\/wp\/v2\/pages"}],"about":[{"href":"https:\/\/parasolis.alwaysdata.net\/index.php?rest_route=\/wp\/v2\/types\/page"}],"author":[{"embeddable":true,"href":"https:\/\/parasolis.alwaysdata.net\/index.php?rest_route=\/wp\/v2\/users\/1"}],"replies":[{"embeddable":true,"href":"https:\/\/parasolis.alwaysdata.net\/index.php?rest_route=%2Fwp%2Fv2%2Fcomments&post=43"}],"version-history":[{"count":12,"href":"https:\/\/parasolis.alwaysdata.net\/index.php?rest_route=\/wp\/v2\/pages\/43\/revisions"}],"predecessor-version":[{"id":144,"href":"https:\/\/parasolis.alwaysdata.net\/index.php?rest_route=\/wp\/v2\/pages\/43\/revisions\/144"}],"wp:attachment":[{"href":"https:\/\/parasolis.alwaysdata.net\/index.php?rest_route=%2Fwp%2Fv2%2Fmedia&parent=43"}],"curies":[{"name":"wp","href":"https:\/\/api.w.org\/{rel}","templated":true}]}}